{"id":378,"date":"2020-06-20T04:38:45","date_gmt":"2020-06-20T04:38:45","guid":{"rendered":"https:\/\/zakra-agency.sites.qsandbox.com\/?post_type=product&amp;p=378"},"modified":"2020-06-20T04:38:45","modified_gmt":"2020-06-20T04:38:45","slug":"zurich-watch","status":"publish","type":"product","link":"https:\/\/biometric.vizustudio.sk\/?product=zurich-watch","title":{"rendered":"Zurich Watch"},"content":{"rendered":"<p>Contrary to popular belief, Lorem Ipsum is not simply random text. It has roots in a piece of classical Latin literature from 45 BC, making it over 2000 years old. Richard McClintock, a Latin professor at Hampden-Sydney College in Virginia, looked up one of the more obscure Latin words, consectetur, from a Lorem Ipsum passage, and going through the cites of the word in classical literature, discovered the undoubtable source. Lorem Ipsum comes from sections 1.10.32 and 1.10.33 of &#8222;de Finibus Bonorum et Malorum&#8220; (The Extremes of Good and Evil) by Cicero, written in 45 BC. This book is a treatise on the theory of ethics, very popular during the Renaissance.<\/p>\n","protected":false},"excerpt":{"rendered":"<p>Contrary to popular belief, Lorem Ipsum is not simply random text. It has roots in a piece of classical Latin literature from 45 BC, making it over 2000 years old. Richard McClintock, a Latin professor at Hampden-Sydney College in Virginia, looked up one of the more obscure Latin words, consectetur, from a Lorem Ipsum passage, and going through the cites of the word in classical literature, discovered the undoubtable source. Lorem Ipsum comes from sections 1.10.32 and 1.10.33 of &#8222;de Finibus Bonorum et Malorum&#8220; (The Extremes of Good and Evil) by Cicero, written in 45 BC. This book is a treatise on the theory of ethics, very popular during the Renaissance.<\/p>\n","protected":false},"featured_media":372,"comment_status":"open","ping_status":"closed","template":"","meta":{"_monsterinsights_skip_tracking":false,"_monsterinsights_sitenote_active":false,"_monsterinsights_sitenote_note":"","_monsterinsights_sitenote_category":0},"product_cat":[21],"product_tag":[],"yoast_head":"<!-- This site is optimized with the Yoast SEO plugin v17.6 - https:\/\/yoast.com\/wordpress\/plugins\/seo\/ -->\n<title>Zurich Watch -<\/title>\n<meta name=\"robots\" content=\"index, follow, max-snippet:-1, max-image-preview:large, max-video-preview:-1\" \/>\n<link rel=\"canonical\" href=\"https:\/\/biometric.vizustudio.sk\/?product=zurich-watch\" \/>\n<meta property=\"og:locale\" content=\"sk_SK\" \/>\n<meta property=\"og:type\" content=\"article\" \/>\n<meta property=\"og:title\" content=\"Zurich Watch -\" \/>\n<meta property=\"og:description\" content=\"Contrary to popular belief, Lorem Ipsum is not simply random text. It has roots in a piece of classical Latin literature from 45 BC, making it over 2000 years old. Richard McClintock, a Latin professor at Hampden-Sydney College in Virginia, looked up one of the more obscure Latin words, consectetur, from a Lorem Ipsum passage, and going through the cites of the word in classical literature, discovered the undoubtable source. Lorem Ipsum comes from sections 1.10.32 and 1.10.33 of &quot;de Finibus Bonorum et Malorum&quot; (The Extremes of Good and Evil) by Cicero, written in 45 BC. This book is a treatise on the theory of ethics, very popular during the Renaissance.\" \/>\n<meta property=\"og:url\" content=\"https:\/\/biometric.vizustudio.sk\/?product=zurich-watch\" \/>\n<meta name=\"twitter:card\" content=\"summary_large_image\" \/>\n<meta name=\"twitter:label1\" content=\"Predpokladan\u00fd \u010das \u010d\u00edtania\" \/>\n\t<meta name=\"twitter:data1\" content=\"1 min\u00fata\" \/>\n<script type=\"application\/ld+json\" class=\"yoast-schema-graph\">{\"@context\":\"https:\/\/schema.org\",\"@graph\":[{\"@type\":\"WebSite\",\"@id\":\"https:\/\/biometric.vizustudio.sk\/#website\",\"url\":\"https:\/\/biometric.vizustudio.sk\/\",\"name\":\"\",\"description\":\"WordPress Template Site for Starting Your Online Presence for All Kind of Websites\",\"potentialAction\":[{\"@type\":\"SearchAction\",\"target\":{\"@type\":\"EntryPoint\",\"urlTemplate\":\"https:\/\/biometric.vizustudio.sk\/?s={search_term_string}\"},\"query-input\":\"required name=search_term_string\"}],\"inLanguage\":\"sk-SK\"},{\"@type\":\"ImageObject\",\"@id\":\"https:\/\/biometric.vizustudio.sk\/?product=zurich-watch#primaryimage\",\"inLanguage\":\"sk-SK\",\"url\":\"https:\/\/biometric.vizustudio.sk\/wp-content\/uploads\/2020\/06\/product-k.jpg\",\"contentUrl\":\"https:\/\/biometric.vizustudio.sk\/wp-content\/uploads\/2020\/06\/product-k.jpg\",\"width\":900,\"height\":600},{\"@type\":\"WebPage\",\"@id\":\"https:\/\/biometric.vizustudio.sk\/?product=zurich-watch#webpage\",\"url\":\"https:\/\/biometric.vizustudio.sk\/?product=zurich-watch\",\"name\":\"Zurich Watch -\",\"isPartOf\":{\"@id\":\"https:\/\/biometric.vizustudio.sk\/#website\"},\"primaryImageOfPage\":{\"@id\":\"https:\/\/biometric.vizustudio.sk\/?product=zurich-watch#primaryimage\"},\"datePublished\":\"2020-06-20T04:38:45+00:00\",\"dateModified\":\"2020-06-20T04:38:45+00:00\",\"breadcrumb\":{\"@id\":\"https:\/\/biometric.vizustudio.sk\/?product=zurich-watch#breadcrumb\"},\"inLanguage\":\"sk-SK\",\"potentialAction\":[{\"@type\":\"ReadAction\",\"target\":[\"https:\/\/biometric.vizustudio.sk\/?product=zurich-watch\"]}]},{\"@type\":\"BreadcrumbList\",\"@id\":\"https:\/\/biometric.vizustudio.sk\/?product=zurich-watch#breadcrumb\",\"itemListElement\":[{\"@type\":\"ListItem\",\"position\":1,\"name\":\"Home\",\"item\":\"https:\/\/biometric.vizustudio.sk\/?page_id=456\"},{\"@type\":\"ListItem\",\"position\":2,\"name\":\"Shop\",\"item\":\"https:\/\/biometric.vizustudio.sk\/?page_id=746\"},{\"@type\":\"ListItem\",\"position\":3,\"name\":\"Zurich Watch\"}]}]}<\/script>\n<!-- \/ Yoast SEO plugin. -->","yoast_head_json":{"title":"Zurich Watch -","robots":{"index":"index","follow":"follow","max-snippet":"max-snippet:-1","max-image-preview":"max-image-preview:large","max-video-preview":"max-video-preview:-1"},"canonical":"https:\/\/biometric.vizustudio.sk\/?product=zurich-watch","og_locale":"sk_SK","og_type":"article","og_title":"Zurich Watch -","og_description":"Contrary to popular belief, Lorem Ipsum is not simply random text. It has roots in a piece of classical Latin literature from 45 BC, making it over 2000 years old. Richard McClintock, a Latin professor at Hampden-Sydney College in Virginia, looked up one of the more obscure Latin words, consectetur, from a Lorem Ipsum passage, and going through the cites of the word in classical literature, discovered the undoubtable source. Lorem Ipsum comes from sections 1.10.32 and 1.10.33 of \"de Finibus Bonorum et Malorum\" (The Extremes of Good and Evil) by Cicero, written in 45 BC. This book is a treatise on the theory of ethics, very popular during the Renaissance.","og_url":"https:\/\/biometric.vizustudio.sk\/?product=zurich-watch","twitter_card":"summary_large_image","twitter_misc":{"Predpokladan\u00fd \u010das \u010d\u00edtania":"1 min\u00fata"},"schema":{"@context":"https:\/\/schema.org","@graph":[{"@type":"WebSite","@id":"https:\/\/biometric.vizustudio.sk\/#website","url":"https:\/\/biometric.vizustudio.sk\/","name":"","description":"WordPress Template Site for Starting Your Online Presence for All Kind of Websites","potentialAction":[{"@type":"SearchAction","target":{"@type":"EntryPoint","urlTemplate":"https:\/\/biometric.vizustudio.sk\/?s={search_term_string}"},"query-input":"required name=search_term_string"}],"inLanguage":"sk-SK"},{"@type":"ImageObject","@id":"https:\/\/biometric.vizustudio.sk\/?product=zurich-watch#primaryimage","inLanguage":"sk-SK","url":"https:\/\/biometric.vizustudio.sk\/wp-content\/uploads\/2020\/06\/product-k.jpg","contentUrl":"https:\/\/biometric.vizustudio.sk\/wp-content\/uploads\/2020\/06\/product-k.jpg","width":900,"height":600},{"@type":"WebPage","@id":"https:\/\/biometric.vizustudio.sk\/?product=zurich-watch#webpage","url":"https:\/\/biometric.vizustudio.sk\/?product=zurich-watch","name":"Zurich Watch -","isPartOf":{"@id":"https:\/\/biometric.vizustudio.sk\/#website"},"primaryImageOfPage":{"@id":"https:\/\/biometric.vizustudio.sk\/?product=zurich-watch#primaryimage"},"datePublished":"2020-06-20T04:38:45+00:00","dateModified":"2020-06-20T04:38:45+00:00","breadcrumb":{"@id":"https:\/\/biometric.vizustudio.sk\/?product=zurich-watch#breadcrumb"},"inLanguage":"sk-SK","potentialAction":[{"@type":"ReadAction","target":["https:\/\/biometric.vizustudio.sk\/?product=zurich-watch"]}]},{"@type":"BreadcrumbList","@id":"https:\/\/biometric.vizustudio.sk\/?product=zurich-watch#breadcrumb","itemListElement":[{"@type":"ListItem","position":1,"name":"Home","item":"https:\/\/biometric.vizustudio.sk\/?page_id=456"},{"@type":"ListItem","position":2,"name":"Shop","item":"https:\/\/biometric.vizustudio.sk\/?page_id=746"},{"@type":"ListItem","position":3,"name":"Zurich Watch"}]}]}},"_links":{"self":[{"href":"https:\/\/biometric.vizustudio.sk\/index.php?rest_route=\/wp\/v2\/product\/378"}],"collection":[{"href":"https:\/\/biometric.vizustudio.sk\/index.php?rest_route=\/wp\/v2\/product"}],"about":[{"href":"https:\/\/biometric.vizustudio.sk\/index.php?rest_route=\/wp\/v2\/types\/product"}],"replies":[{"embeddable":true,"href":"https:\/\/biometric.vizustudio.sk\/index.php?rest_route=%2Fwp%2Fv2%2Fcomments&post=378"}],"wp:featuredmedia":[{"embeddable":true,"href":"https:\/\/biometric.vizustudio.sk\/index.php?rest_route=\/wp\/v2\/media\/372"}],"wp:attachment":[{"href":"https:\/\/biometric.vizustudio.sk\/index.php?rest_route=%2Fwp%2Fv2%2Fmedia&parent=378"}],"wp:term":[{"taxonomy":"product_cat","embeddable":true,"href":"https:\/\/biometric.vizustudio.sk\/index.php?rest_route=%2Fwp%2Fv2%2Fproduct_cat&post=378"},{"taxonomy":"product_tag","embeddable":true,"href":"https:\/\/biometric.vizustudio.sk\/index.php?rest_route=%2Fwp%2Fv2%2Fproduct_tag&post=378"}],"curies":[{"name":"wp","href":"https:\/\/api.w.org\/{rel}","templated":true}]}}