{"id":361,"date":"2020-06-20T04:32:24","date_gmt":"2020-06-20T04:32:24","guid":{"rendered":"https:\/\/zakra-agency.sites.qsandbox.com\/?post_type=product&amp;p=361"},"modified":"2020-06-20T04:32:24","modified_gmt":"2020-06-20T04:32:24","slug":"headphone","status":"publish","type":"product","link":"https:\/\/biometric.vizustudio.sk\/?product=headphone","title":{"rendered":"Headphone"},"content":{"rendered":"<p>There are many variations of passages of Lorem Ipsum available, but the majority have suffered alteration in some form, by injected humour, or randomised words which don&#8217;t look even slightly believable. If you are going to use a passage of Lorem Ipsum, you need to be sure there isn&#8217;t anything embarrassing hidden in the middle of text. All the Lorem Ipsum generators on the Internet tend to repeat predefined chunks as necessary, making this the first true generator on the Internet. It uses a dictionary of over 200 Latin words, combined with a handful of model sentence structures, to generate Lorem Ipsum which looks reasonable. The generated Lorem Ipsum is therefore always free from repetition, injected humour, or non-characteristic words etc.<\/p>\n","protected":false},"excerpt":{"rendered":"<p>There are many variations of passages of Lorem Ipsum available, but the majority have suffered alteration in some form, by injected humour, or randomised words which don&#8217;t look even slightly believable. If you are going to use a passage of Lorem Ipsum, you need to be sure there isn&#8217;t anything embarrassing hidden in the middle of text.<\/p>\n","protected":false},"featured_media":362,"comment_status":"open","ping_status":"closed","template":"","meta":{"_monsterinsights_skip_tracking":false,"_monsterinsights_sitenote_active":false,"_monsterinsights_sitenote_note":"","_monsterinsights_sitenote_category":0},"product_cat":[20],"product_tag":[],"yoast_head":"<!-- This site is optimized with the Yoast SEO plugin v17.6 - https:\/\/yoast.com\/wordpress\/plugins\/seo\/ -->\n<title>Headphone -<\/title>\n<meta name=\"robots\" content=\"index, follow, max-snippet:-1, max-image-preview:large, max-video-preview:-1\" \/>\n<link rel=\"canonical\" href=\"https:\/\/biometric.vizustudio.sk\/?product=headphone\" \/>\n<meta property=\"og:locale\" content=\"sk_SK\" \/>\n<meta property=\"og:type\" content=\"article\" \/>\n<meta property=\"og:title\" content=\"Headphone -\" \/>\n<meta property=\"og:description\" content=\"There are many variations of passages of Lorem Ipsum available, but the majority have suffered alteration in some form, by injected humour, or randomised words which don&#039;t look even slightly believable. If you are going to use a passage of Lorem Ipsum, you need to be sure there isn&#039;t anything embarrassing hidden in the middle of text.\" \/>\n<meta property=\"og:url\" content=\"https:\/\/biometric.vizustudio.sk\/?product=headphone\" \/>\n<meta name=\"twitter:card\" content=\"summary_large_image\" \/>\n<meta name=\"twitter:label1\" content=\"Predpokladan\u00fd \u010das \u010d\u00edtania\" \/>\n\t<meta name=\"twitter:data1\" content=\"1 min\u00fata\" \/>\n<script type=\"application\/ld+json\" class=\"yoast-schema-graph\">{\"@context\":\"https:\/\/schema.org\",\"@graph\":[{\"@type\":\"WebSite\",\"@id\":\"https:\/\/biometric.vizustudio.sk\/#website\",\"url\":\"https:\/\/biometric.vizustudio.sk\/\",\"name\":\"\",\"description\":\"WordPress Template Site for Starting Your Online Presence for All Kind of Websites\",\"potentialAction\":[{\"@type\":\"SearchAction\",\"target\":{\"@type\":\"EntryPoint\",\"urlTemplate\":\"https:\/\/biometric.vizustudio.sk\/?s={search_term_string}\"},\"query-input\":\"required name=search_term_string\"}],\"inLanguage\":\"sk-SK\"},{\"@type\":\"ImageObject\",\"@id\":\"https:\/\/biometric.vizustudio.sk\/?product=headphone#primaryimage\",\"inLanguage\":\"sk-SK\",\"url\":\"https:\/\/biometric.vizustudio.sk\/wp-content\/uploads\/2020\/06\/product-b.jpg\",\"contentUrl\":\"https:\/\/biometric.vizustudio.sk\/wp-content\/uploads\/2020\/06\/product-b.jpg\",\"width\":900,\"height\":600},{\"@type\":\"WebPage\",\"@id\":\"https:\/\/biometric.vizustudio.sk\/?product=headphone#webpage\",\"url\":\"https:\/\/biometric.vizustudio.sk\/?product=headphone\",\"name\":\"Headphone -\",\"isPartOf\":{\"@id\":\"https:\/\/biometric.vizustudio.sk\/#website\"},\"primaryImageOfPage\":{\"@id\":\"https:\/\/biometric.vizustudio.sk\/?product=headphone#primaryimage\"},\"datePublished\":\"2020-06-20T04:32:24+00:00\",\"dateModified\":\"2020-06-20T04:32:24+00:00\",\"breadcrumb\":{\"@id\":\"https:\/\/biometric.vizustudio.sk\/?product=headphone#breadcrumb\"},\"inLanguage\":\"sk-SK\",\"potentialAction\":[{\"@type\":\"ReadAction\",\"target\":[\"https:\/\/biometric.vizustudio.sk\/?product=headphone\"]}]},{\"@type\":\"BreadcrumbList\",\"@id\":\"https:\/\/biometric.vizustudio.sk\/?product=headphone#breadcrumb\",\"itemListElement\":[{\"@type\":\"ListItem\",\"position\":1,\"name\":\"Home\",\"item\":\"https:\/\/biometric.vizustudio.sk\/?page_id=456\"},{\"@type\":\"ListItem\",\"position\":2,\"name\":\"Shop\",\"item\":\"https:\/\/biometric.vizustudio.sk\/?page_id=746\"},{\"@type\":\"ListItem\",\"position\":3,\"name\":\"Headphone\"}]}]}<\/script>\n<!-- \/ Yoast SEO plugin. -->","yoast_head_json":{"title":"Headphone -","robots":{"index":"index","follow":"follow","max-snippet":"max-snippet:-1","max-image-preview":"max-image-preview:large","max-video-preview":"max-video-preview:-1"},"canonical":"https:\/\/biometric.vizustudio.sk\/?product=headphone","og_locale":"sk_SK","og_type":"article","og_title":"Headphone -","og_description":"There are many variations of passages of Lorem Ipsum available, but the majority have suffered alteration in some form, by injected humour, or randomised words which don't look even slightly believable. If you are going to use a passage of Lorem Ipsum, you need to be sure there isn't anything embarrassing hidden in the middle of text.","og_url":"https:\/\/biometric.vizustudio.sk\/?product=headphone","twitter_card":"summary_large_image","twitter_misc":{"Predpokladan\u00fd \u010das \u010d\u00edtania":"1 min\u00fata"},"schema":{"@context":"https:\/\/schema.org","@graph":[{"@type":"WebSite","@id":"https:\/\/biometric.vizustudio.sk\/#website","url":"https:\/\/biometric.vizustudio.sk\/","name":"","description":"WordPress Template Site for Starting Your Online Presence for All Kind of Websites","potentialAction":[{"@type":"SearchAction","target":{"@type":"EntryPoint","urlTemplate":"https:\/\/biometric.vizustudio.sk\/?s={search_term_string}"},"query-input":"required name=search_term_string"}],"inLanguage":"sk-SK"},{"@type":"ImageObject","@id":"https:\/\/biometric.vizustudio.sk\/?product=headphone#primaryimage","inLanguage":"sk-SK","url":"https:\/\/biometric.vizustudio.sk\/wp-content\/uploads\/2020\/06\/product-b.jpg","contentUrl":"https:\/\/biometric.vizustudio.sk\/wp-content\/uploads\/2020\/06\/product-b.jpg","width":900,"height":600},{"@type":"WebPage","@id":"https:\/\/biometric.vizustudio.sk\/?product=headphone#webpage","url":"https:\/\/biometric.vizustudio.sk\/?product=headphone","name":"Headphone -","isPartOf":{"@id":"https:\/\/biometric.vizustudio.sk\/#website"},"primaryImageOfPage":{"@id":"https:\/\/biometric.vizustudio.sk\/?product=headphone#primaryimage"},"datePublished":"2020-06-20T04:32:24+00:00","dateModified":"2020-06-20T04:32:24+00:00","breadcrumb":{"@id":"https:\/\/biometric.vizustudio.sk\/?product=headphone#breadcrumb"},"inLanguage":"sk-SK","potentialAction":[{"@type":"ReadAction","target":["https:\/\/biometric.vizustudio.sk\/?product=headphone"]}]},{"@type":"BreadcrumbList","@id":"https:\/\/biometric.vizustudio.sk\/?product=headphone#breadcrumb","itemListElement":[{"@type":"ListItem","position":1,"name":"Home","item":"https:\/\/biometric.vizustudio.sk\/?page_id=456"},{"@type":"ListItem","position":2,"name":"Shop","item":"https:\/\/biometric.vizustudio.sk\/?page_id=746"},{"@type":"ListItem","position":3,"name":"Headphone"}]}]}},"_links":{"self":[{"href":"https:\/\/biometric.vizustudio.sk\/index.php?rest_route=\/wp\/v2\/product\/361"}],"collection":[{"href":"https:\/\/biometric.vizustudio.sk\/index.php?rest_route=\/wp\/v2\/product"}],"about":[{"href":"https:\/\/biometric.vizustudio.sk\/index.php?rest_route=\/wp\/v2\/types\/product"}],"replies":[{"embeddable":true,"href":"https:\/\/biometric.vizustudio.sk\/index.php?rest_route=%2Fwp%2Fv2%2Fcomments&post=361"}],"wp:featuredmedia":[{"embeddable":true,"href":"https:\/\/biometric.vizustudio.sk\/index.php?rest_route=\/wp\/v2\/media\/362"}],"wp:attachment":[{"href":"https:\/\/biometric.vizustudio.sk\/index.php?rest_route=%2Fwp%2Fv2%2Fmedia&parent=361"}],"wp:term":[{"taxonomy":"product_cat","embeddable":true,"href":"https:\/\/biometric.vizustudio.sk\/index.php?rest_route=%2Fwp%2Fv2%2Fproduct_cat&post=361"},{"taxonomy":"product_tag","embeddable":true,"href":"https:\/\/biometric.vizustudio.sk\/index.php?rest_route=%2Fwp%2Fv2%2Fproduct_tag&post=361"}],"curies":[{"name":"wp","href":"https:\/\/api.w.org\/{rel}","templated":true}]}}